{"id":7491,"date":"2023-10-22T13:18:52","date_gmt":"2023-10-22T11:18:52","guid":{"rendered":"https:\/\/silkplm.com\/?page_id=7491"},"modified":"2024-05-19T15:29:41","modified_gmt":"2024-05-19T13:29:41","slug":"webinary","status":"publish","type":"page","link":"https:\/\/silkplm.com\/pl\/knowledgebase\/webinary\/","title":{"rendered":"Webinary"},"content":{"rendered":"<div class=\"fusion-fullwidth fullwidth-box fusion-builder-row-1 fusion-flex-container has-pattern-background has-mask-background nonhundred-percent-fullwidth non-hundred-percent-height-scrolling\" style=\"--awb-border-radius-top-left:0px;--awb-border-radius-top-right:0px;--awb-border-radius-bottom-right:0px;--awb-border-radius-bottom-left:0px;--awb-flex-wrap:wrap;\" ><div class=\"fusion-builder-row fusion-row fusion-flex-align-items-flex-start fusion-flex-justify-content-center fusion-flex-content-wrap\" style=\"max-width:1352px;margin-left: calc(-4% \/ 2 );margin-right: calc(-4% \/ 2 );\"><div class=\"fusion-layout-column fusion_builder_column fusion-builder-column-0 fusion_builder_column_3_4 3_4 fusion-flex-column\" style=\"--awb-bg-size:cover;--awb-width-large:75%;--awb-margin-top-large:0px;--awb-spacing-right-large:0px;--awb-margin-bottom-large:0px;--awb-spacing-left-large:0px;--awb-width-medium:75%;--awb-order-medium:0;--awb-spacing-right-medium:0px;--awb-spacing-left-medium:0px;--awb-width-small:83.333333333333%;--awb-order-small:0;--awb-spacing-right-small:0px;--awb-spacing-left-small:0px;\"><div class=\"fusion-column-wrapper fusion-column-has-shadow fusion-flex-justify-content-flex-start fusion-content-layout-column\"><div class=\"fusion-text fusion-text-1\" style=\"--awb-margin-top:40px;\"><p><a href=\"https:\/\/silkplm.com\/pl\/knowledgebase\/\">Baza wiedzy<\/a> \u00bb <strong>Webinary<\/strong><\/p>\n<\/div><div class=\"fusion-blog-shortcode fusion-blog-shortcode-1 fusion-blog-archive fusion-blog-layout-grid-wrapper fusion-blog-pagination\" style=\"--awb-title-font-size:var(--awb-typography3-font-size);--awb-title-line-height:var(--awb-typography3-line-height);--awb-title-letter-spacing:var(--awb-typography3-letter-spacing);--awb-title-text-transform:var(--awb-typography3-text-transform);--awb-title-font-family:var(--awb-typography3-font-family);--awb-title-font-weight:var(--awb-typography3-font-weight);--awb-title-font-style:var(--awb-typography3-font-style);\"><style type=\"text\/css\">.fusion-blog-shortcode-1 .fusion-blog-layout-grid .fusion-post-grid{padding:10px;}.fusion-blog-shortcode-1 .fusion-posts-container{margin-left: -10px !important; margin-right:-10px !important;}<\/style><div class=\"fusion-posts-container fusion-posts-container-pagination fusion-no-meta-info fusion-blog-layout-grid fusion-blog-layout-grid-2 isotope\" data-pages=\"1\" data-grid-col-space=\"20\" style=\"margin: -10px -10px 0;min-height:500px;\"><article id=\"blog-1-post-6023\" class=\"fusion-post-grid post-6023 post type-post status-publish format-standard has-post-thumbnail hentry category-webinary\">\n<div class=\"fusion-post-wrapper\" style=\"background-color:rgba(255,255,255,0);border:1px solid var(--awb-color2);border-bottom-width:3px;\">\n\n\t\t\t<div class=\"fusion-flexslider flexslider fusion-flexslider-loading fusion-post-slideshow\" style=\"border-color:var(--awb-color2);\">\n\t\t<ul class=\"slides\">\n\t\t\t\n\t\t\t\t\t\t\t\t\t\t\t\t\t\t<li><div  class=\"fusion-image-wrapper\" aria-haspopup=\"true\">\n\t\t\t\t\t\t\t<a href=\"https:\/\/silkplm.com\/pl\/coming-soon\/\" aria-label=\"Tame the chaos of fashion collections!\">\n\t\t\t\t\t\t\t<img decoding=\"async\" width=\"1594\" height=\"892\" src=\"https:\/\/silkplm.com\/wp-content\/uploads\/2023\/09\/Zdjecie-WhatsApp-2023-09-01-o-02.04.12-1.jpg\" class=\"attachment-full size-full lazyload wp-post-image\" alt=\"\" srcset=\"data:image\/svg+xml,%3Csvg%20xmlns%3D%27http%3A%2F%2Fwww.w3.org%2F2000%2Fsvg%27%20width%3D%271594%27%20height%3D%27892%27%20viewBox%3D%270%200%201594%20892%27%3E%3Crect%20width%3D%271594%27%20height%3D%27892%27%20fill-opacity%3D%220%22%2F%3E%3C%2Fsvg%3E\" data-orig-src=\"https:\/\/silkplm.com\/wp-content\/uploads\/2023\/09\/Zdjecie-WhatsApp-2023-09-01-o-02.04.12-1.jpg\" data-srcset=\"https:\/\/silkplm.com\/wp-content\/uploads\/2023\/09\/Zdjecie-WhatsApp-2023-09-01-o-02.04.12-1-200x112.jpg 200w, https:\/\/silkplm.com\/wp-content\/uploads\/2023\/09\/Zdjecie-WhatsApp-2023-09-01-o-02.04.12-1-400x224.jpg 400w, https:\/\/silkplm.com\/wp-content\/uploads\/2023\/09\/Zdjecie-WhatsApp-2023-09-01-o-02.04.12-1-600x336.jpg 600w, https:\/\/silkplm.com\/wp-content\/uploads\/2023\/09\/Zdjecie-WhatsApp-2023-09-01-o-02.04.12-1-800x448.jpg 800w, https:\/\/silkplm.com\/wp-content\/uploads\/2023\/09\/Zdjecie-WhatsApp-2023-09-01-o-02.04.12-1-1200x672.jpg 1200w, https:\/\/silkplm.com\/wp-content\/uploads\/2023\/09\/Zdjecie-WhatsApp-2023-09-01-o-02.04.12-1.jpg 1594w\" data-sizes=\"auto\" \/>\t\t\t<\/a>\n\t\t\t\t\t\t\t<\/div>\n<\/li>\n\t\t\t\n\t\t\t\n\t\t\t\t\t\t\t\t\t\t\t\t\t\t\t\t\t\t\t\t\t\t\t\t\t\t\t\t\t\t\t\t\t\t\t\t\t\t\t\t\t\t\t\t\t\t\t\t\t\t\t\t\t\t\t\t\t\t\t\t\t\t\t\t\t\t\t\t<\/ul>\n\t<\/div>\n\t<div class=\"fusion-post-content-wrapper\" style=\"padding:30px 0 25px 0;\"><div class=\"fusion-post-content post-content\"><h2 class=\"blog-shortcode-post-title entry-title\"><a href=\"https:\/\/silkplm.com\/pl\/coming-soon\/\">Tame the chaos of fashion collections!<\/a><\/h2><div class=\"fusion-post-content-container\"><p>Czy czujesz si\u0119 przyt\u0142oczony ogromem tabelek, wykres\u00f3w i dokumentacj\u0105 zwi\u0105zan\u0105 z prac\u0105 nad kolekcjami produkt\u00f3w?\nObejrzyj nagranie naszego webinaru, aby pozna\u0107 zdanie ekspert\u00f3w i potencjalne sposoby optymalizacji. W naszym webinarze om\u00f3wili\u015bmy, jak nadchodz\u0105ce sezony kszta\u0142tuj\u0105 prac\u0119 w bran\u017cy fashion i wyja\u015bnili\u015bmy jak dzia\u0142a oprogramowanie PLM wspieraj\u0105ce prac\u0119 w handlu detalicznym odzie\u017c\u0105.<\/p><\/div><\/div><\/div><div class=\"fusion-clearfix\"><\/div><\/div>\n<\/article>\n<article id=\"blog-1-post-4763\" class=\"fusion-post-grid post-4763 post type-post status-publish format-standard hentry category-webinary\">\n<div class=\"fusion-post-wrapper\" style=\"background-color:rgba(255,255,255,0);border:1px solid var(--awb-color2);border-bottom-width:3px;\">\n\n<div class=\"fusion-post-content-wrapper\" style=\"padding:30px 0 25px 0;\"><div class=\"fusion-post-content post-content\"><h2 class=\"blog-shortcode-post-title entry-title\"><a href=\"https:\/\/silkplm.com\/pl\/przejscie-z-excel-na-silkplm-webinar\/\">Przej\u015bcie z Excel na SilkPLM &#8211; Webinar<\/a><\/h2><div class=\"fusion-post-content-container\"><p>Dynamika zmian i ch\u0119\u0107 poszukiwania innowacji przez firmy ci\u0105gle ro\u015bnie, docieramy do momentu, gdzie efektywne zarz\u0105dzanie danymi produktowymi i cyklem \u017cycia produktu staje si\u0119 kluczowym czynnikiem sukcesu firmy. Tradycyjne arkusze kalkulacyjne, takie jak Excel, kt\u00f3re przez d\u0142ugi czas by\u0142y popularnym narz\u0119dziem w zarz\u0105dzaniu danymi, na pewnym etapie rozwoju portfolio produkt\u00f3w zaczynaj\u0105 stawia\u0107 pewne ograniczenia<\/p><\/div><\/div><\/div><div class=\"fusion-clearfix\"><\/div><\/div>\n<\/article>\n<article id=\"blog-1-post-4741\" class=\"fusion-post-grid post-4741 post type-post status-publish format-standard hentry category-webinary\">\n<div class=\"fusion-post-wrapper\" style=\"background-color:rgba(255,255,255,0);border:1px solid var(--awb-color2);border-bottom-width:3px;\">\n\n<div class=\"fusion-post-content-wrapper\" style=\"padding:30px 0 25px 0;\"><div class=\"fusion-post-content post-content\"><h2 class=\"blog-shortcode-post-title entry-title\"><a href=\"https:\/\/silkplm.com\/pl\/zarzadzanie-kolekcjami-w-czasach-ciaglej-zmiany-webinar\/\">Zarz\u0105dzanie kolekcjami w czasach ci\u0105g\u0142ej zmiany &#8211; webinar<\/a><\/h2><div class=\"fusion-post-content-container\"><p>W webinarze \u201cZarz\u0105dznie produktem w czasach ci\u0105g\u0142ej zmiany\u201d skupiamy si\u0119 na wyzwaniach zwi\u0105zanych z zarz\u0105dzaniem kolekcj\u0105 produkt\u00f3w oraz roli, jak\u0105 mo\u017ce odegra\u0107 system PLM (Product Lifecycle Management) w rozwi\u0105zaniu tych problem\u00f3w.<\/p><\/div><\/div><\/div><div class=\"fusion-clearfix\"><\/div><\/div>\n<\/article>\n<div class=\"fusion-clearfix\"><\/div><\/div><\/div><\/div><\/div><\/div><\/div>\n","protected":false},"excerpt":{"rendered":"","protected":false},"author":19,"featured_media":0,"parent":6138,"menu_order":0,"comment_status":"closed","ping_status":"closed","template":"","meta":{"footnotes":""},"class_list":["post-7491","page","type-page","status-publish","hentry"],"yoast_head":"<!-- This site is optimized with the Yoast SEO plugin v23.9 - https:\/\/yoast.com\/wordpress\/plugins\/seo\/ -->\n<title>Webinary - Silk PLM<\/title>\n<meta name=\"robots\" content=\"index, follow, max-snippet:-1, max-image-preview:large, max-video-preview:-1\" \/>\n<link rel=\"canonical\" href=\"https:\/\/silkplm.com\/pl\/knowledgebase\/webinary\/\" \/>\n<meta property=\"og:locale\" content=\"pl_PL\" \/>\n<meta property=\"og:type\" content=\"article\" \/>\n<meta property=\"og:title\" content=\"Webinary - Silk PLM\" \/>\n<meta property=\"og:url\" content=\"https:\/\/silkplm.com\/pl\/knowledgebase\/webinary\/\" \/>\n<meta property=\"og:site_name\" content=\"Silk PLM\" \/>\n<meta property=\"article:publisher\" content=\"https:\/\/www.facebook.com\/silkplm\" \/>\n<meta property=\"article:modified_time\" content=\"2024-05-19T13:29:41+00:00\" \/>\n<meta property=\"og:image\" content=\"https:\/\/silkplm.com\/wp-content\/uploads\/2023\/09\/silkplm-presentation-video-screen.png\" \/>\n\t<meta property=\"og:image:width\" content=\"1200\" \/>\n\t<meta property=\"og:image:height\" content=\"675\" \/>\n\t<meta property=\"og:image:type\" content=\"image\/png\" \/>\n<meta name=\"twitter:card\" content=\"summary_large_image\" \/>\n<meta name=\"twitter:label1\" content=\"Szacowany czas czytania\" \/>\n\t<meta name=\"twitter:data1\" content=\"1 minuta\" \/>\n<!-- \/ Yoast SEO plugin. -->","yoast_head_json":{"title":"Webinary - Silk PLM","robots":{"index":"index","follow":"follow","max-snippet":"max-snippet:-1","max-image-preview":"max-image-preview:large","max-video-preview":"max-video-preview:-1"},"canonical":"https:\/\/silkplm.com\/pl\/knowledgebase\/webinary\/","og_locale":"pl_PL","og_type":"article","og_title":"Webinary - Silk PLM","og_url":"https:\/\/silkplm.com\/pl\/knowledgebase\/webinary\/","og_site_name":"Silk PLM","article_publisher":"https:\/\/www.facebook.com\/silkplm","article_modified_time":"2024-05-19T13:29:41+00:00","og_image":[{"width":1200,"height":675,"url":"https:\/\/silkplm.com\/wp-content\/uploads\/2023\/09\/silkplm-presentation-video-screen.png","type":"image\/png"}],"twitter_card":"summary_large_image","twitter_misc":{"Szacowany czas czytania":"1 minuta"},"schema":{"@context":"https:\/\/schema.org","@graph":[{"@type":"WebPage","@id":"https:\/\/silkplm.com\/pl\/knowledgebase\/webinary\/","url":"https:\/\/silkplm.com\/pl\/knowledgebase\/webinary\/","name":"Webinary - Silk PLM","isPartOf":{"@id":"https:\/\/silkplm.com\/#website"},"datePublished":"2023-10-22T11:18:52+00:00","dateModified":"2024-05-19T13:29:41+00:00","breadcrumb":{"@id":"https:\/\/silkplm.com\/pl\/knowledgebase\/webinary\/#breadcrumb"},"inLanguage":"pl-PL","potentialAction":[{"@type":"ReadAction","target":["https:\/\/silkplm.com\/pl\/knowledgebase\/webinary\/"]}]},{"@type":"BreadcrumbList","@id":"https:\/\/silkplm.com\/pl\/knowledgebase\/webinary\/#breadcrumb","itemListElement":[{"@type":"ListItem","position":1,"name":"Baza wiedzy","item":"https:\/\/silkplm.com\/pl\/knowledgebase\/"},{"@type":"ListItem","position":2,"name":"Webinary"}]},{"@type":"WebSite","@id":"https:\/\/silkplm.com\/#website","url":"https:\/\/silkplm.com\/","name":"SilkPLM","description":"Silk PLM - Product Lifecycle Management system for retail companies","publisher":{"@id":"https:\/\/silkplm.com\/#organization"},"potentialAction":[{"@type":"SearchAction","target":{"@type":"EntryPoint","urlTemplate":"https:\/\/silkplm.com\/?s={search_term_string}"},"query-input":{"@type":"PropertyValueSpecification","valueRequired":true,"valueName":"search_term_string"}}],"inLanguage":"pl-PL"},{"@type":"Organization","@id":"https:\/\/silkplm.com\/#organization","name":"SilkPLM","url":"https:\/\/silkplm.com\/","logo":{"@type":"ImageObject","inLanguage":"pl-PL","@id":"https:\/\/silkplm.com\/#\/schema\/logo\/image\/","url":"","contentUrl":"","caption":"SilkPLM"},"image":{"@id":"https:\/\/silkplm.com\/#\/schema\/logo\/image\/"},"sameAs":["https:\/\/www.facebook.com\/silkplm","https:\/\/www.linkedin.com\/company\/81696323"]}]}},"_links":{"self":[{"href":"https:\/\/silkplm.com\/pl\/wp-json\/wp\/v2\/pages\/7491","targetHints":{"allow":["GET"]}}],"collection":[{"href":"https:\/\/silkplm.com\/pl\/wp-json\/wp\/v2\/pages"}],"about":[{"href":"https:\/\/silkplm.com\/pl\/wp-json\/wp\/v2\/types\/page"}],"author":[{"embeddable":true,"href":"https:\/\/silkplm.com\/pl\/wp-json\/wp\/v2\/users\/19"}],"replies":[{"embeddable":true,"href":"https:\/\/silkplm.com\/pl\/wp-json\/wp\/v2\/comments?post=7491"}],"version-history":[{"count":0,"href":"https:\/\/silkplm.com\/pl\/wp-json\/wp\/v2\/pages\/7491\/revisions"}],"up":[{"embeddable":true,"href":"https:\/\/silkplm.com\/pl\/wp-json\/wp\/v2\/pages\/6138"}],"wp:attachment":[{"href":"https:\/\/silkplm.com\/pl\/wp-json\/wp\/v2\/media?parent=7491"}],"curies":[{"name":"wp","href":"https:\/\/api.w.org\/{rel}","templated":true}]}}