{"id":603,"date":"2023-01-12T11:23:06","date_gmt":"2023-01-12T10:23:06","guid":{"rendered":"https:\/\/www.silkplm.com\/?page_id=603"},"modified":"2023-02-08T10:59:35","modified_gmt":"2023-02-08T09:59:35","slug":"faq","status":"publish","type":"page","link":"https:\/\/silkplm.com\/pl\/faq\/","title":{"rendered":"FAQ"},"content":{"rendered":"<div class=\"fusion-fullwidth fullwidth-box fusion-builder-row-1 fusion-flex-container nonhundred-percent-fullwidth non-hundred-percent-height-scrolling\" style=\"--awb-border-radius-top-left:0px;--awb-border-radius-top-right:0px;--awb-border-radius-bottom-right:0px;--awb-border-radius-bottom-left:0px;--awb-flex-wrap:wrap;\" ><div class=\"fusion-builder-row fusion-row fusion-flex-align-items-flex-start fusion-flex-content-wrap\" style=\"max-width:1352px;margin-left: calc(-4% \/ 2 );margin-right: calc(-4% \/ 2 );\"><div class=\"fusion-layout-column fusion_builder_column fusion-builder-column-0 fusion_builder_column_1_1 1_1 fusion-flex-column\" style=\"--awb-bg-size:cover;--awb-width-large:100%;--awb-margin-top-large:0px;--awb-spacing-right-large:1.92%;--awb-margin-bottom-large:0px;--awb-spacing-left-large:1.92%;--awb-width-medium:100%;--awb-spacing-right-medium:1.92%;--awb-spacing-left-medium:1.92%;--awb-width-small:100%;--awb-spacing-right-small:1.92%;--awb-spacing-left-small:1.92%;\"><div class=\"fusion-column-wrapper fusion-flex-justify-content-flex-start fusion-content-layout-column\"><div class=\"fusion-text fusion-text-1\"><h1><b>FAQ &#8211; najcz\u0119\u015bciej zadawane pytania:<\/b><\/h1>\n<ul>\n<li><span style=\"color: #008000;\">Gdzie przechowywana jest nasza baza? Kto ni\u0105 administruje ?<\/span><\/li>\n<li><span style=\"color: #800080;\">Domy\u015blnie system jest sprzedawany w modelu SaaS. \u00a0Firma Consilk administruje baz\u0105 danych oraz zapewnia jej stabilno\u015b\u0107 i bezpiecze\u0144stwo. Przechowujemy nasze bazy danych w kilku kopiach, w r\u00f3\u017cnych fizycznie lokalizacjach. Mamy dwie instalacje na terenie \u00a0Unii Europejskiej oraz jedn\u0105 w Kanadzie. W nietypowych sytuacjach, mo\u017cemy rozmawia\u0107 o instalacji \u015brodowiska u klienta, jednak ze wzgl\u0119du na koszty, dotyczy to tylko wdro\u017ce\u0144 Enterprice.<\/span><\/li>\n<\/ul>\n<ul>\n<li><span style=\"color: #008000;\">Czy klient ma mo\u017cliwo\u015b\u0107 raportowania z naszej aplikacji, czy musi u nas zamawia\u0107 raporty?<\/span><\/li>\n<li><span style=\"color: #800080;\">Aplikacja jest dostarczana z zestawem oko\u0142o 30tu gotowych raport\u00f3w. Dodatkowe raporty mog\u0105 by\u0107 dodawane przez klienta, jednak wymaga to minimalnej wiedzy na temat pisania skrypt\u00f3w w java script, poniewa\u017c tego u\u017cywamy do generowania raport\u00f3w.<\/span><\/li>\n<\/ul>\n<ul>\n<li><span style=\"color: #008000;\">Czy klient maj\u0105c dodatkowe kody lub opisy, mo\u017ce sobie definiowa\u0107 dodatkowe kolumny ?<\/span><\/li>\n<li><span style=\"color: #800080;\">Tak. Klient mo\u017ce dodawa\u0107 dodatkowe pola do wybranych rekord\u00f3w, natomiast docelowo w aplikacji b\u0119dzie mo\u017cna definiowa\u0107 r\u00f3wnie\u017c w\u0142asne formularze, w\u0142asne tabele i regu\u0142y je wi\u0105\u017c\u0105ce, poniewa\u017c ca\u0142y system jest zbudowany w oparciu o silnik Low Code.<\/span><\/li>\n<\/ul>\n<ul>\n<li><span style=\"color: #008000;\">Czy je\u017celi klient ma du\u017co produkt\u00f3w i zdj\u0119\u0107, to czy b\u0119d\u0105 pobierane dodatkowe op\u0142aty za baz\u0119 danych?<\/span><\/li>\n<li><span style=\"color: #800080;\">Nie ma limit\u00f3w, o ile s\u0105 to dane zgodne z przeznaczeniem.<\/span><\/li>\n<\/ul>\n<ul>\n<li><span style=\"color: #008000;\">Czy \u015brodowisko jest postawione u nas, czy mamy je gdzie\u015b wykupione?<\/span><\/li>\n<li><span style=\"color: #800080;\">Korzystamy z us\u0142ug serwerowych, natomiast Consilk administruje ca\u0142ym systemem. W nietypowych sytuacjach, mo\u017cemy rozmawia\u0107 o instalacji \u015brodowiska u klienta, jednak ze wzgl\u0119du na koszty, dotyczy to tylko wdro\u017ce\u0144 Enterprice.<\/span><\/li>\n<\/ul>\n<ul>\n<li><span style=\"color: #008000;\">Czy aplikacja posiada uprawnienia?<\/span><\/li>\n<li><span style=\"color: #800080;\">Ka\u017cdy element aplikacji ma swoje uprawnienie, dodatkowo mo\u017cemy r\u00f3wnie\u017c dzieli\u0107 dost\u0119p do danych. W aplikacji mo\u017cna tak\u017ce definiowa\u0107 role, oraz czasowe delegacje uprawnie\u0144. \u00a0<\/span><\/li>\n<\/ul>\n<ul>\n<li><span style=\"color: #008000;\">Jaki jest profil klienta, do kt\u00f3rego ta aplikacja jest adresowana?<\/span><\/li>\n<li><span style=\"color: #800080;\">Wszelkiego rodzaju import lub produkcja, sprzedawana pod w\u0142asnym brandem.<\/span><\/li>\n<\/ul>\n<ul>\n<li><span style=\"color: #008000;\">Czy wasz program wspiera bud\u017cetowanie z podzia\u0142em na r\u00f3\u017cne kana\u0142y sprzeda\u017cy?<\/span><\/li>\n<li><span style=\"color: #800080;\">Nasz system bud\u017cetowania jest bardzo elastyczny i uwzgl\u0119dnia r\u00f3wnie\u017c podzia\u0142 min. na kana\u0142y sprzeda\u017cy oraz kategorie.<\/span><\/li>\n<\/ul>\n<ul>\n<li><span style=\"color: #008000;\">W jaki spos\u00f3b Wasz system integruje si\u0119 z innymi rozwi\u0105zaniami?<\/span><\/li>\n<li><span style=\"color: #800080;\">Nasz system udost\u0119pnia wszystkie operacje za pomoc\u0105 API. Udost\u0119pniamy te\u017c szyn\u0119 eventow\u0105. Do tego dostarczamy gotow\u0105 aplikacje \u201eEvent Hub\u201d, kt\u00f3ra u\u0142atwia spinanie wszystkich element\u00f3w w jedn\u0105 ca\u0142o\u015b\u0107. Podstawowe dane jakie s\u0105 integrowane to docelowe kartoteki produkt\u00f3w, lista dostawc\u00f3w , zam\u00f3wienia \u00a0i ich status.<\/span><\/li>\n<\/ul>\n<ul>\n<li><span style=\"color: #008000;\">Czy s\u0105 jakie\u015b op\u0142aty za wdro\u017cenie?<\/span><\/li>\n<li><span style=\"color: #800080;\">Nie. Do ko\u0144ca 2023 roku nie pobieramy \u017cadnych op\u0142at za wdro\u017cenie oraz analiz\u0119 przedwdro\u017ceniow\u0105.<\/span><\/li>\n<\/ul>\n<ul>\n<li><span style=\"color: #008000;\">Czy klient dostanie mo\u017cliwo\u015bci wej\u015bcia do bazy?<\/span><\/li>\n<li><span style=\"color: #800080;\">Nie bezpo\u015brednio, natomiast wszystkie dane s\u0105 dost\u0119pne przez API.<\/span><\/li>\n<\/ul>\n<ul>\n<li><span style=\"color: #008000;\">Czy jeste\u015bmy zintegrowani z systemem X ?<\/span><\/li>\n<li><span style=\"color: #800080;\">Integracja naszego systemu z partnerem jest bardzo \u0142atwa dzi\u0119ki platformie Even Hub. Mo\u017cemy si\u0119 bardzo szybko zintegrowa\u0107, o ile drugi system wystawia dane w jakikolwiek spos\u00f3b.<\/span><\/li>\n<\/ul>\n<\/div><\/div><\/div><\/div><\/div>\n","protected":false},"excerpt":{"rendered":"","protected":false},"author":2,"featured_media":0,"parent":0,"menu_order":0,"comment_status":"closed","ping_status":"closed","template":"","meta":{"footnotes":""},"class_list":["post-603","page","type-page","status-publish","hentry"],"yoast_head":"<!-- This site is optimized with the Yoast SEO plugin v23.9 - https:\/\/yoast.com\/wordpress\/plugins\/seo\/ -->\n<title>FAQ - Silk PLM<\/title>\n<meta name=\"robots\" content=\"index, follow, max-snippet:-1, max-image-preview:large, max-video-preview:-1\" \/>\n<link rel=\"canonical\" href=\"https:\/\/silkplm.com\/pl\/faq\/\" \/>\n<meta property=\"og:locale\" content=\"pl_PL\" \/>\n<meta property=\"og:type\" content=\"article\" \/>\n<meta property=\"og:title\" content=\"FAQ - Silk PLM\" \/>\n<meta property=\"og:url\" content=\"https:\/\/silkplm.com\/pl\/faq\/\" \/>\n<meta property=\"og:site_name\" content=\"Silk PLM\" \/>\n<meta property=\"article:publisher\" content=\"https:\/\/www.facebook.com\/silkplm\" \/>\n<meta property=\"article:modified_time\" content=\"2023-02-08T09:59:35+00:00\" \/>\n<meta property=\"og:image\" content=\"https:\/\/silkplm.com\/wp-content\/uploads\/2023\/09\/silkplm-presentation-video-screen.png\" \/>\n\t<meta property=\"og:image:width\" content=\"1200\" \/>\n\t<meta property=\"og:image:height\" content=\"675\" \/>\n\t<meta property=\"og:image:type\" content=\"image\/png\" \/>\n<meta name=\"twitter:card\" content=\"summary_large_image\" \/>\n<meta name=\"twitter:label1\" content=\"Szacowany czas czytania\" \/>\n\t<meta name=\"twitter:data1\" content=\"3 minuty\" \/>\n<!-- \/ Yoast SEO plugin. -->","yoast_head_json":{"title":"FAQ - Silk PLM","robots":{"index":"index","follow":"follow","max-snippet":"max-snippet:-1","max-image-preview":"max-image-preview:large","max-video-preview":"max-video-preview:-1"},"canonical":"https:\/\/silkplm.com\/pl\/faq\/","og_locale":"pl_PL","og_type":"article","og_title":"FAQ - Silk PLM","og_url":"https:\/\/silkplm.com\/pl\/faq\/","og_site_name":"Silk PLM","article_publisher":"https:\/\/www.facebook.com\/silkplm","article_modified_time":"2023-02-08T09:59:35+00:00","og_image":[{"width":1200,"height":675,"url":"https:\/\/silkplm.com\/wp-content\/uploads\/2023\/09\/silkplm-presentation-video-screen.png","type":"image\/png"}],"twitter_card":"summary_large_image","twitter_misc":{"Szacowany czas czytania":"3 minuty"},"schema":{"@context":"https:\/\/schema.org","@graph":[{"@type":"WebPage","@id":"https:\/\/silkplm.com\/pl\/faq\/","url":"https:\/\/silkplm.com\/pl\/faq\/","name":"FAQ - Silk PLM","isPartOf":{"@id":"https:\/\/silkplm.com\/#website"},"datePublished":"2023-01-12T10:23:06+00:00","dateModified":"2023-02-08T09:59:35+00:00","inLanguage":"pl-PL","potentialAction":[{"@type":"ReadAction","target":["https:\/\/silkplm.com\/pl\/faq\/"]}]},{"@type":"WebSite","@id":"https:\/\/silkplm.com\/#website","url":"https:\/\/silkplm.com\/","name":"SilkPLM","description":"Silk PLM - Product Lifecycle Management system for retail companies","publisher":{"@id":"https:\/\/silkplm.com\/#organization"},"potentialAction":[{"@type":"SearchAction","target":{"@type":"EntryPoint","urlTemplate":"https:\/\/silkplm.com\/?s={search_term_string}"},"query-input":{"@type":"PropertyValueSpecification","valueRequired":true,"valueName":"search_term_string"}}],"inLanguage":"pl-PL"},{"@type":"Organization","@id":"https:\/\/silkplm.com\/#organization","name":"SilkPLM","url":"https:\/\/silkplm.com\/","logo":{"@type":"ImageObject","inLanguage":"pl-PL","@id":"https:\/\/silkplm.com\/#\/schema\/logo\/image\/","url":"","contentUrl":"","caption":"SilkPLM"},"image":{"@id":"https:\/\/silkplm.com\/#\/schema\/logo\/image\/"},"sameAs":["https:\/\/www.facebook.com\/silkplm","https:\/\/www.linkedin.com\/company\/81696323"]}]}},"_links":{"self":[{"href":"https:\/\/silkplm.com\/pl\/wp-json\/wp\/v2\/pages\/603","targetHints":{"allow":["GET"]}}],"collection":[{"href":"https:\/\/silkplm.com\/pl\/wp-json\/wp\/v2\/pages"}],"about":[{"href":"https:\/\/silkplm.com\/pl\/wp-json\/wp\/v2\/types\/page"}],"author":[{"embeddable":true,"href":"https:\/\/silkplm.com\/pl\/wp-json\/wp\/v2\/users\/2"}],"replies":[{"embeddable":true,"href":"https:\/\/silkplm.com\/pl\/wp-json\/wp\/v2\/comments?post=603"}],"version-history":[{"count":0,"href":"https:\/\/silkplm.com\/pl\/wp-json\/wp\/v2\/pages\/603\/revisions"}],"wp:attachment":[{"href":"https:\/\/silkplm.com\/pl\/wp-json\/wp\/v2\/media?parent=603"}],"curies":[{"name":"wp","href":"https:\/\/api.w.org\/{rel}","templated":true}]}}