{"id":5257,"date":"2023-08-18T15:21:18","date_gmt":"2023-08-18T13:21:18","guid":{"rendered":"https:\/\/silkplm.com\/?page_id=5257"},"modified":"2023-08-21T08:55:55","modified_gmt":"2023-08-21T06:55:55","slug":"jak-usunac-konto-z-aplikacji-silkplm","status":"publish","type":"page","link":"https:\/\/silkplm.com\/pl\/jak-usunac-konto-z-aplikacji-silkplm\/","title":{"rendered":"Jak usun\u0105\u0107 konto z aplikacji SilkPLM?"},"content":{"rendered":"<div class=\"fusion-fullwidth fullwidth-box fusion-builder-row-1 fusion-flex-container has-pattern-background has-mask-background nonhundred-percent-fullwidth non-hundred-percent-height-scrolling\" style=\"--awb-border-radius-top-left:0px;--awb-border-radius-top-right:0px;--awb-border-radius-bottom-right:0px;--awb-border-radius-bottom-left:0px;--awb-flex-wrap:wrap;\" ><div class=\"fusion-builder-row fusion-row fusion-flex-align-items-flex-start fusion-flex-content-wrap\" style=\"max-width:1352px;margin-left: calc(-4% \/ 2 );margin-right: calc(-4% \/ 2 );\"><div class=\"fusion-layout-column fusion_builder_column fusion-builder-column-0 fusion_builder_column_1_1 1_1 fusion-flex-column\" style=\"--awb-bg-size:cover;--awb-width-large:100%;--awb-margin-top-large:0px;--awb-spacing-right-large:1.92%;--awb-margin-bottom-large:20px;--awb-spacing-left-large:1.92%;--awb-width-medium:100%;--awb-order-medium:0;--awb-spacing-right-medium:1.92%;--awb-spacing-left-medium:1.92%;--awb-width-small:100%;--awb-order-small:0;--awb-spacing-right-small:1.92%;--awb-spacing-left-small:1.92%;\"><div class=\"fusion-column-wrapper fusion-column-has-shadow fusion-flex-justify-content-flex-start fusion-content-layout-column\"><div class=\"fusion-text fusion-text-1\"><p>Jak usun\u0105\u0107 konto z aplikacji SilkPLM?<\/p>\n<p><strong>Je\u015bli jeste\u015b ORGANIZACJ\u0104, kt\u00f3ra chce usun\u0105\u0107 swoje konto z aplikacji SilkPLM.<\/strong><\/p>\n<p><span style=\"font-weight: 400;\">Mo\u017cesz w ka\u017cdej chwili usun\u0105\u0107 konto wraz z wszystkimi danymi <\/span><span style=\"font-weight: 400;\">wysy\u0142aj\u0105c wiadomo\u015b\u0107 na adres: <a href=\"mailto:info@silkplm.com\">info@silkplm.com<\/a><\/span><span style=\"font-weight: 400;\">\u00a0z takim \u017c\u0105daniem.<\/span><\/p>\n<p>Usuni\u0119cie konta ORGANIZACJI skutkuje usuni\u0119ciem wszystkich danych u\u017cytkownika i nie b\u0119dzie mo\u017cliwe w przysz\u0142o\u015bci ich odzyskanie.<\/p>\n<p>Nie przechowujemy \u017cadnych danych.<\/p>\n<p>Dlatego prosimy o przemy\u015blan\u0105 decyzj\u0119.<\/p>\n<p><strong>Je\u015bli jeste\u015b u\u017cytkownikiem, kt\u00f3remu dost\u0119p do aplikacji da\u0142a ORGANIZACJA.\u00a0<\/strong><\/p>\n<p>Aby usun\u0105\u0107 swoje dane &#8211; napisz do administratora aplikacji swojej organizacji. Za zakres danych, kt\u00f3re zostan\u0105 usuni\u0119te odpowiada administrator organizacji, kt\u00f3rej udost\u0119pniamy aplikacj\u0119.<\/p>\n<\/div><\/div><\/div><\/div><\/div>\n","protected":false},"excerpt":{"rendered":"","protected":false},"author":19,"featured_media":0,"parent":0,"menu_order":0,"comment_status":"closed","ping_status":"closed","template":"","meta":{"footnotes":""},"class_list":["post-5257","page","type-page","status-publish","hentry"],"yoast_head":"<!-- This site is optimized with the Yoast SEO plugin v23.9 - https:\/\/yoast.com\/wordpress\/plugins\/seo\/ -->\n<title>Jak usun\u0105\u0107 konto z aplikacji SilkPLM? - Silk PLM<\/title>\n<meta name=\"robots\" content=\"index, follow, max-snippet:-1, max-image-preview:large, max-video-preview:-1\" \/>\n<link rel=\"canonical\" href=\"https:\/\/silkplm.com\/pl\/jak-usunac-konto-z-aplikacji-silkplm\/\" \/>\n<meta property=\"og:locale\" content=\"pl_PL\" \/>\n<meta property=\"og:type\" content=\"article\" \/>\n<meta property=\"og:title\" content=\"Jak usun\u0105\u0107 konto z aplikacji SilkPLM? - Silk PLM\" \/>\n<meta property=\"og:url\" content=\"https:\/\/silkplm.com\/pl\/jak-usunac-konto-z-aplikacji-silkplm\/\" \/>\n<meta property=\"og:site_name\" content=\"Silk PLM\" \/>\n<meta property=\"article:publisher\" content=\"https:\/\/www.facebook.com\/silkplm\" \/>\n<meta property=\"article:modified_time\" content=\"2023-08-21T06:55:55+00:00\" \/>\n<meta property=\"og:image\" content=\"https:\/\/silkplm.com\/wp-content\/uploads\/2023\/09\/silkplm-presentation-video-screen.png\" \/>\n\t<meta property=\"og:image:width\" content=\"1200\" \/>\n\t<meta property=\"og:image:height\" content=\"675\" \/>\n\t<meta property=\"og:image:type\" content=\"image\/png\" \/>\n<meta name=\"twitter:card\" content=\"summary_large_image\" \/>\n<meta name=\"twitter:label1\" content=\"Szacowany czas czytania\" \/>\n\t<meta name=\"twitter:data1\" content=\"3 minuty\" \/>\n<!-- \/ Yoast SEO plugin. -->","yoast_head_json":{"title":"Jak usun\u0105\u0107 konto z aplikacji SilkPLM? - Silk PLM","robots":{"index":"index","follow":"follow","max-snippet":"max-snippet:-1","max-image-preview":"max-image-preview:large","max-video-preview":"max-video-preview:-1"},"canonical":"https:\/\/silkplm.com\/pl\/jak-usunac-konto-z-aplikacji-silkplm\/","og_locale":"pl_PL","og_type":"article","og_title":"Jak usun\u0105\u0107 konto z aplikacji SilkPLM? - Silk PLM","og_url":"https:\/\/silkplm.com\/pl\/jak-usunac-konto-z-aplikacji-silkplm\/","og_site_name":"Silk PLM","article_publisher":"https:\/\/www.facebook.com\/silkplm","article_modified_time":"2023-08-21T06:55:55+00:00","og_image":[{"width":1200,"height":675,"url":"https:\/\/silkplm.com\/wp-content\/uploads\/2023\/09\/silkplm-presentation-video-screen.png","type":"image\/png"}],"twitter_card":"summary_large_image","twitter_misc":{"Szacowany czas czytania":"3 minuty"},"schema":{"@context":"https:\/\/schema.org","@graph":[{"@type":"WebPage","@id":"https:\/\/silkplm.com\/pl\/jak-usunac-konto-z-aplikacji-silkplm\/","url":"https:\/\/silkplm.com\/pl\/jak-usunac-konto-z-aplikacji-silkplm\/","name":"Jak usun\u0105\u0107 konto z aplikacji SilkPLM? - Silk PLM","isPartOf":{"@id":"https:\/\/silkplm.com\/#website"},"datePublished":"2023-08-18T13:21:18+00:00","dateModified":"2023-08-21T06:55:55+00:00","inLanguage":"pl-PL","potentialAction":[{"@type":"ReadAction","target":["https:\/\/silkplm.com\/pl\/jak-usunac-konto-z-aplikacji-silkplm\/"]}]},{"@type":"WebSite","@id":"https:\/\/silkplm.com\/#website","url":"https:\/\/silkplm.com\/","name":"SilkPLM","description":"Silk PLM - Product Lifecycle Management system for retail companies","publisher":{"@id":"https:\/\/silkplm.com\/#organization"},"potentialAction":[{"@type":"SearchAction","target":{"@type":"EntryPoint","urlTemplate":"https:\/\/silkplm.com\/?s={search_term_string}"},"query-input":{"@type":"PropertyValueSpecification","valueRequired":true,"valueName":"search_term_string"}}],"inLanguage":"pl-PL"},{"@type":"Organization","@id":"https:\/\/silkplm.com\/#organization","name":"SilkPLM","url":"https:\/\/silkplm.com\/","logo":{"@type":"ImageObject","inLanguage":"pl-PL","@id":"https:\/\/silkplm.com\/#\/schema\/logo\/image\/","url":"","contentUrl":"","caption":"SilkPLM"},"image":{"@id":"https:\/\/silkplm.com\/#\/schema\/logo\/image\/"},"sameAs":["https:\/\/www.facebook.com\/silkplm","https:\/\/www.linkedin.com\/company\/81696323"]}]}},"_links":{"self":[{"href":"https:\/\/silkplm.com\/pl\/wp-json\/wp\/v2\/pages\/5257","targetHints":{"allow":["GET"]}}],"collection":[{"href":"https:\/\/silkplm.com\/pl\/wp-json\/wp\/v2\/pages"}],"about":[{"href":"https:\/\/silkplm.com\/pl\/wp-json\/wp\/v2\/types\/page"}],"author":[{"embeddable":true,"href":"https:\/\/silkplm.com\/pl\/wp-json\/wp\/v2\/users\/19"}],"replies":[{"embeddable":true,"href":"https:\/\/silkplm.com\/pl\/wp-json\/wp\/v2\/comments?post=5257"}],"version-history":[{"count":0,"href":"https:\/\/silkplm.com\/pl\/wp-json\/wp\/v2\/pages\/5257\/revisions"}],"wp:attachment":[{"href":"https:\/\/silkplm.com\/pl\/wp-json\/wp\/v2\/media?parent=5257"}],"curies":[{"name":"wp","href":"https:\/\/api.w.org\/{rel}","templated":true}]}}