{"id":4824,"date":"2023-07-10T11:08:18","date_gmt":"2023-07-10T09:08:18","guid":{"rendered":"https:\/\/silkplm.com\/?page_id=4824"},"modified":"2024-08-02T08:02:27","modified_gmt":"2024-08-02T06:02:27","slug":"formularz-prezentacji","status":"publish","type":"page","link":"https:\/\/silkplm.com\/pl\/formularz-prezentacji\/","title":{"rendered":"formularz prezentacji"},"content":{"rendered":"<div id=\"kalendarz\" class=\"fusion-container-anchor\"><div class=\"fusion-fullwidth fullwidth-box fusion-builder-row-1 fusion-flex-container has-pattern-background has-mask-background nonhundred-percent-fullwidth non-hundred-percent-height-scrolling\" style=\"--awb-border-radius-top-left:0px;--awb-border-radius-top-right:0px;--awb-border-radius-bottom-right:0px;--awb-border-radius-bottom-left:0px;--awb-padding-top:40px;--awb-flex-wrap:wrap;\" ><div class=\"fusion-builder-row fusion-row fusion-flex-align-items-flex-start fusion-flex-content-wrap\" style=\"max-width:1352px;margin-left: calc(-4% \/ 2 );margin-right: calc(-4% \/ 2 );\"><div class=\"fusion-layout-column fusion_builder_column fusion-builder-column-0 fusion_builder_column_1_2 1_2 fusion-flex-column\" style=\"--awb-padding-top:24px;--awb-padding-top-small:0px;--awb-padding-right-small:0px;--awb-padding-left-small:0px;--awb-bg-size:cover;--awb-width-large:50%;--awb-margin-top-large:0px;--awb-spacing-right-large:1.536%;--awb-margin-bottom-large:0px;--awb-spacing-left-large:0%;--awb-width-medium:50%;--awb-order-medium:0;--awb-spacing-right-medium:1.536%;--awb-spacing-left-medium:3.84%;--awb-width-small:100%;--awb-order-small:1;--awb-margin-top-small:117px;--awb-spacing-right-small:1.92%;--awb-margin-bottom-small:0px;--awb-spacing-left-small:1.92%;\"><div class=\"fusion-column-wrapper fusion-column-has-shadow fusion-flex-justify-content-flex-start fusion-content-layout-column\"><div class=\"fusion-title title fusion-title-1 fusion-no-small-visibility fusion-sep-none fusion-title-text fusion-title-size-three\"><h3 class=\"fusion-title-heading title-heading-left\" style=\"margin:0;\"><h3><b>Hej! Jestem Magda, zarezerwuj spotkanie online, a poka\u017c\u0119 Ci, jak dzia\u0142a SilkPLM!<\/b><\/h3><\/h3><\/div><div class=\"fusion-title title fusion-title-2 fusion-sep-none fusion-title-text fusion-title-size-four\" style=\"--awb-margin-bottom:0px;--awb-margin-top-small:-100px;\"><h4 class=\"fusion-title-heading title-heading-left\" style=\"margin:0;\">Oto jak to zrobi\u0107:<\/h4><\/div><div class=\"fusion-text fusion-text-1 fusion-text-no-margin\" style=\"--awb-text-color:var(--awb-custom_color_4);--awb-margin-bottom:16px;\"><ol>\n<li style=\"list-style-type: none;\">\n<ol>\n<li style=\"font-weight: 400;\" aria-level=\"1\"><span style=\"font-weight: 400;\">Z kalendarza wybierz dat\u0119 oraz godzin\u0119, kt\u00f3ra Ci odpowiada.<\/span><\/li>\n<li style=\"font-weight: 400;\" aria-level=\"1\"><span style=\"font-weight: 400;\">Wype\u0142nij kilka informacji kontaktowych. <\/span><\/li>\n<li style=\"font-weight: 400;\" aria-level=\"1\"><span style=\"font-weight: 400;\">Natychmiast wy\u015bl\u0119 Ci potwierdzenie naszego spotkania online.<\/span><\/li>\n<li style=\"font-weight: 400;\" aria-level=\"1\"><strong>Spotkamy si\u0119 na 30-minutowej rozmowie. Poka\u017c\u0119 Ci wszystkie funkcje naszego oprogramowania PLM.<\/strong><\/li>\n<li style=\"font-weight: 400;\" aria-level=\"1\"><span style=\"font-weight: 400;\">Masz pytania dotycz\u0105ce SilkPLM? Dostarcz\u0119 Ci wszystkich odpowiedzi!<\/span><\/li>\n<\/ol>\n<\/li>\n<\/ol>\n<\/div><div class=\"fusion-title title fusion-title-3 fusion-sep-none fusion-title-text fusion-title-size-four\" style=\"--awb-margin-bottom:0px;\"><h4 class=\"fusion-title-heading title-heading-left\" style=\"margin:0;\">Dlaczego warto?<\/h4><\/div><div class=\"fusion-text fusion-text-2 fusion-text-no-margin\" style=\"--awb-text-color:var(--awb-custom_color_4);--awb-margin-bottom:16px;\"><ol>\n<li style=\"list-style-type: none;\">\n<ol>\n<li style=\"font-weight: 400;\" aria-level=\"1\"><span style=\"font-weight: 400;\">Nasza rozmowa do niczego Ci\u0119 nie zobowi\u0105zuje!<\/span><\/li>\n<li style=\"font-weight: 400;\" aria-level=\"1\"><span style=\"font-weight: 400;\">Bez wzgl\u0119du na to, czy zdecydujesz si\u0119 z nami wsp\u00f3\u0142pracowa\u0107, opu\u015bcisz nasze spotkanie z ja\u015bniejszym zrozumieniem tego, czego oczekiwa\u0107 od systemu PLM.<\/span><\/li>\n<\/ol>\n<\/li>\n<\/ol>\n<\/div><div class=\"fusion-title title fusion-title-4 fusion-sep-none fusion-title-text fusion-title-size-four\" style=\"--awb-margin-bottom:40px;\"><h4 class=\"fusion-title-heading title-heading-left sm-text-align-center\" style=\"margin:0;\"><b>Zarezerwuj ze mn\u0105 kr\u00f3tkie spotkanie online i poznaj SilkPLM!<\/b><\/h4><\/div><div class=\"fusion-builder-row fusion-builder-row-inner fusion-row fusion-flex-align-items-flex-start fusion-flex-content-wrap\" style=\"width:104% !important;max-width:104% !important;margin-left: calc(-4% \/ 2 );margin-right: calc(-4% \/ 2 );\"><div class=\"fusion-layout-column fusion_builder_column_inner fusion-builder-nested-column-0 fusion_builder_column_inner_1_2 1_2 fusion-flex-column\" style=\"--awb-bg-size:cover;--awb-width-large:50%;--awb-margin-top-large:0px;--awb-spacing-right-large:3.84%;--awb-margin-bottom-large:20px;--awb-spacing-left-large:3.84%;--awb-width-medium:50%;--awb-order-medium:0;--awb-spacing-right-medium:3.84%;--awb-spacing-left-medium:3.84%;--awb-width-small:100%;--awb-order-small:0;--awb-spacing-right-small:1.92%;--awb-spacing-left-small:1.92%;\"><div class=\"fusion-column-wrapper fusion-column-has-shadow fusion-flex-justify-content-flex-start fusion-content-layout-column\"><div class=\"fusion-image-element \" style=\"text-align:center;--awb-caption-title-font-family:var(--h2_typography-font-family);--awb-caption-title-font-weight:var(--h2_typography-font-weight);--awb-caption-title-font-style:var(--h2_typography-font-style);--awb-caption-title-size:var(--h2_typography-font-size);--awb-caption-title-transform:var(--h2_typography-text-transform);--awb-caption-title-line-height:var(--h2_typography-line-height);--awb-caption-title-letter-spacing:var(--h2_typography-letter-spacing);\"><span class=\" fusion-imageframe imageframe-none imageframe-1 hover-type-none\"><img decoding=\"async\" width=\"284\" height=\"256\" title=\"Magda\" src=\"https:\/\/silkplm.com\/wp-content\/uploads\/2024\/01\/Magda.png\" data-orig-src=\"https:\/\/silkplm.com\/wp-content\/uploads\/2024\/01\/Magda.png\" alt class=\"lazyload img-responsive wp-image-12036\" srcset=\"data:image\/svg+xml,%3Csvg%20xmlns%3D%27http%3A%2F%2Fwww.w3.org%2F2000%2Fsvg%27%20width%3D%27284%27%20height%3D%27256%27%20viewBox%3D%270%200%20284%20256%27%3E%3Crect%20width%3D%27284%27%20height%3D%27256%27%20fill-opacity%3D%220%22%2F%3E%3C%2Fsvg%3E\" data-srcset=\"https:\/\/silkplm.com\/wp-content\/uploads\/2024\/01\/Magda-200x180.png 200w, https:\/\/silkplm.com\/wp-content\/uploads\/2024\/01\/Magda.png 284w\" data-sizes=\"auto\" data-orig-sizes=\"(max-width: 700px) 100vw, 284px\" \/><\/span><\/div><\/div><\/div><div class=\"fusion-layout-column fusion_builder_column_inner fusion-builder-nested-column-1 fusion_builder_column_inner_1_2 1_2 fusion-flex-column\" style=\"--awb-bg-size:cover;--awb-width-large:50%;--awb-margin-top-large:0px;--awb-spacing-right-large:3.84%;--awb-margin-bottom-large:20px;--awb-spacing-left-large:3.84%;--awb-width-medium:50%;--awb-order-medium:0;--awb-spacing-right-medium:3.84%;--awb-spacing-left-medium:3.84%;--awb-width-small:100%;--awb-order-small:0;--awb-spacing-right-small:1.92%;--awb-spacing-left-small:1.92%;\"><div class=\"fusion-column-wrapper fusion-column-has-shadow fusion-flex-justify-content-flex-start fusion-content-layout-column\"><div class=\"fusion-text fusion-text-3\"><h4 class=\"fusion-title-heading title-heading-left sm-text-align-center fusion-live-editable medium-editor-element\" role=\"textbox\" contenteditable=\"true\" spellcheck=\"true\" data-inline-parent-cid=\"113\" data-inline-override-color=\"text_color\" data-inline-override-font-size=\"font_size\" data-inline-override-line-height=\"line_height\" data-inline-override-letter-spacing=\"letter_spacing\" data-inline-override-tag=\"size\" data-toolbar=\"full\" data-param=\"element_content\" data-medium-editor-element=\"true\" aria-multiline=\"true\" data-medium-editor-editor-index=\"4\" data-placeholder=\"Your Content Goes Here\" data-medium-focused=\"true\">Magdalena Majchrzak-Puczynska<\/h4>\n<div><\/div>\n<\/div><div class=\"fusion-text fusion-text-4 sm-text-align-center\" style=\"--awb-text-color:var(--awb-custom_color_4);--awb-margin-top:8px;\"><p>Head of Marketing<\/p>\n<\/div><div class=\"fusion-social-links fusion-social-links-1\" style=\"--awb-margin-top:0px;--awb-margin-right:0px;--awb-margin-bottom:0px;--awb-margin-left:0px;--awb-box-border-top:0px;--awb-box-border-right:0px;--awb-box-border-bottom:0px;--awb-box-border-left:0px;--awb-box-padding-top:16px;--awb-box-padding-right:16px;--awb-box-padding-bottom:16px;--awb-box-padding-left:16px;--awb-icon-colors-hover:var(--awb-color1);--awb-box-colors-hover:var(--awb-custom_color_3);--awb-box-border-color:var(--awb-color3);--awb-box-border-color-hover:var(--awb-color1);--awb-alignment-small:center;\"><div class=\"fusion-social-networks boxed-icons color-type-custom\"><div class=\"fusion-social-networks-wrapper\"><a class=\"fusion-social-network-icon fusion-tooltip fusion-linkedin awb-icon-linkedin\" style=\"color:var(--awb-color1);font-size:16px;width:16px;background-color:var(--awb-custom_color_3);border-color:var(--awb-custom_color_3);border-radius:4px;\" data-placement=\"top\" data-title=\"LinkedIn\" data-toggle=\"tooltip\" title=\"LinkedIn\" aria-label=\"linkedin\" target=\"_blank\" rel=\"noopener noreferrer\" href=\"https:\/\/www.linkedin.com\/in\/magdalena-majchrzak-puczy%C5%84ska-23123a92\/\"><\/a><\/div><\/div><\/div><div class=\"fusion-text fusion-text-5 sm-text-align-center\" style=\"--awb-text-color:var(--awb-custom_color_4);--awb-margin-top:16px;\"><p><a href=\"tel:+48601372514\">+48 601 372 514<\/a><\/p>\n<\/div><\/div><\/div><\/div><\/div><\/div><div class=\"fusion-layout-column fusion_builder_column fusion-builder-column-1 fusion_builder_column_1_2 1_2 fusion-flex-column fusion-flex-align-self-center\" style=\"--awb-z-index:10;--awb-padding-right:26px;--awb-padding-left:25px;--awb-padding-right-small:0px;--awb-padding-left-small:0px;--awb-bg-size:cover;--awb-width-large:50%;--awb-margin-top-large:0px;--awb-spacing-right-large:0%;--awb-margin-bottom-large:0px;--awb-spacing-left-large:0%;--awb-width-medium:50%;--awb-order-medium:0;--awb-spacing-right-medium:3.84%;--awb-spacing-left-medium:3.84%;--awb-width-small:100%;--awb-order-small:0;--awb-spacing-right-small:0%;--awb-spacing-left-small:0%;\"><div class=\"fusion-column-wrapper fusion-column-has-shadow fusion-flex-justify-content-flex-start fusion-content-layout-column\"><div class=\"fusion-title title fusion-title-5 fusion-no-medium-visibility fusion-no-large-visibility fusion-sep-none fusion-title-text fusion-title-size-three\"><h3 class=\"fusion-title-heading title-heading-left sm-text-align-center\" style=\"margin:0;\"><h3><b>Hej! Jestem Magda, zarezerwuj spotkanie online, a poka\u017c\u0119 Ci, jak dzia\u0142a SilkPLM!<\/b><\/h3><\/h3><\/div><!-- Start of Meetings Embed Script -->\n    <div class=\"meetings-iframe-container\" data-src=\"https:\/\/meetings-eu1.hubspot.com\/magdalena-majchrzak-puczynska\/rozmowe-handlowe?embed=true\"><\/div>\n    <script type=\"text\/javascript\" src=\"https:\/\/static.hsappstatic.net\/MeetingsEmbed\/ex\/MeetingsEmbedCode.js\"><\/script>\n<\/div><\/div><div class=\"fusion-layout-column fusion_builder_column fusion-builder-column-2 fusion_builder_column_3_4 3_4 fusion-flex-column fusion-no-small-visibility\" style=\"--awb-z-index:1;--awb-absolute-top:-4%;--awb-absolute-right:-40%;--awb-container-position:absolute;--awb-bg-size:cover;--awb-width-large:75%;--awb-margin-top-large:0px;--awb-spacing-right-large:2.56%;--awb-margin-bottom-large:20px;--awb-spacing-left-large:2.56%;--awb-width-medium:75%;--awb-order-medium:0;--awb-spacing-right-medium:2.56%;--awb-spacing-left-medium:2.56%;--awb-width-small:100%;--awb-order-small:0;--awb-spacing-right-small:1.92%;--awb-spacing-left-small:1.92%;\"><div class=\"fusion-column-wrapper fusion-column-has-shadow fusion-flex-justify-content-flex-start fusion-content-layout-column\"><div class=\"fusion-image-element \" style=\"--awb-caption-title-font-family:var(--h2_typography-font-family);--awb-caption-title-font-weight:var(--h2_typography-font-weight);--awb-caption-title-font-style:var(--h2_typography-font-style);--awb-caption-title-size:var(--h2_typography-font-size);--awb-caption-title-transform:var(--h2_typography-text-transform);--awb-caption-title-line-height:var(--h2_typography-line-height);--awb-caption-title-letter-spacing:var(--h2_typography-letter-spacing);\"><span class=\" fusion-imageframe imageframe-none imageframe-2 hover-type-none\"><img decoding=\"async\" width=\"1106\" height=\"1106\" src=\"https:\/\/silkplm.com\/wp-content\/uploads\/2024\/01\/Ellipse-97-2.png\" data-orig-src=\"https:\/\/silkplm.com\/wp-content\/uploads\/2024\/01\/Ellipse-97-2.png\" alt class=\"lazyload img-responsive wp-image-8873\" srcset=\"data:image\/svg+xml,%3Csvg%20xmlns%3D%27http%3A%2F%2Fwww.w3.org%2F2000%2Fsvg%27%20width%3D%271106%27%20height%3D%271106%27%20viewBox%3D%270%200%201106%201106%27%3E%3Crect%20width%3D%271106%27%20height%3D%271106%27%20fill-opacity%3D%220%22%2F%3E%3C%2Fsvg%3E\" data-srcset=\"https:\/\/silkplm.com\/wp-content\/uploads\/2024\/01\/Ellipse-97-2-200x200.png 200w, https:\/\/silkplm.com\/wp-content\/uploads\/2024\/01\/Ellipse-97-2-400x400.png 400w, https:\/\/silkplm.com\/wp-content\/uploads\/2024\/01\/Ellipse-97-2-600x600.png 600w, https:\/\/silkplm.com\/wp-content\/uploads\/2024\/01\/Ellipse-97-2-800x800.png 800w, https:\/\/silkplm.com\/wp-content\/uploads\/2024\/01\/Ellipse-97-2.png 1106w\" data-sizes=\"auto\" data-orig-sizes=\"(max-width: 700px) 100vw, 1106px\" \/><\/span><\/div><\/div><\/div><\/div><\/div><\/div>\n","protected":false},"excerpt":{"rendered":"","protected":false},"author":11,"featured_media":0,"parent":0,"menu_order":0,"comment_status":"closed","ping_status":"closed","template":"","meta":{"footnotes":""},"class_list":["post-4824","page","type-page","status-publish","hentry"],"yoast_head":"<!-- This site is optimized with the Yoast SEO plugin v23.9 - https:\/\/yoast.com\/wordpress\/plugins\/seo\/ -->\n<title>formularz prezentacji - Silk PLM<\/title>\n<meta name=\"robots\" content=\"index, follow, max-snippet:-1, max-image-preview:large, max-video-preview:-1\" \/>\n<link rel=\"canonical\" href=\"https:\/\/silkplm.com\/pl\/formularz-prezentacji\/\" \/>\n<meta property=\"og:locale\" content=\"pl_PL\" \/>\n<meta property=\"og:type\" content=\"article\" \/>\n<meta property=\"og:title\" content=\"formularz prezentacji - Silk PLM\" \/>\n<meta property=\"og:url\" content=\"https:\/\/silkplm.com\/pl\/formularz-prezentacji\/\" \/>\n<meta property=\"og:site_name\" content=\"Silk PLM\" \/>\n<meta property=\"article:publisher\" content=\"https:\/\/www.facebook.com\/silkplm\" \/>\n<meta property=\"article:modified_time\" content=\"2024-08-02T06:02:27+00:00\" \/>\n<meta property=\"og:image\" content=\"https:\/\/silkplm.com\/wp-content\/uploads\/2023\/09\/Na-social-media-1.png\" \/>\n\t<meta property=\"og:image:width\" content=\"986\" \/>\n\t<meta property=\"og:image:height\" content=\"516\" \/>\n\t<meta property=\"og:image:type\" content=\"image\/png\" \/>\n<meta name=\"twitter:card\" content=\"summary_large_image\" \/>\n<meta name=\"twitter:label1\" content=\"Szacowany czas czytania\" \/>\n\t<meta name=\"twitter:data1\" content=\"1 minuta\" \/>\n<!-- \/ Yoast SEO plugin. -->","yoast_head_json":{"title":"formularz prezentacji - Silk PLM","robots":{"index":"index","follow":"follow","max-snippet":"max-snippet:-1","max-image-preview":"max-image-preview:large","max-video-preview":"max-video-preview:-1"},"canonical":"https:\/\/silkplm.com\/pl\/formularz-prezentacji\/","og_locale":"pl_PL","og_type":"article","og_title":"formularz prezentacji - Silk PLM","og_url":"https:\/\/silkplm.com\/pl\/formularz-prezentacji\/","og_site_name":"Silk PLM","article_publisher":"https:\/\/www.facebook.com\/silkplm","article_modified_time":"2024-08-02T06:02:27+00:00","og_image":[{"width":986,"height":516,"url":"https:\/\/silkplm.com\/wp-content\/uploads\/2023\/09\/Na-social-media-1.png","type":"image\/png"}],"twitter_card":"summary_large_image","twitter_misc":{"Szacowany czas czytania":"1 minuta"},"schema":{"@context":"https:\/\/schema.org","@graph":[{"@type":"WebPage","@id":"https:\/\/silkplm.com\/pl\/formularz-prezentacji\/","url":"https:\/\/silkplm.com\/pl\/formularz-prezentacji\/","name":"formularz prezentacji - Silk PLM","isPartOf":{"@id":"https:\/\/silkplm.com\/#website"},"datePublished":"2023-07-10T09:08:18+00:00","dateModified":"2024-08-02T06:02:27+00:00","inLanguage":"pl-PL","potentialAction":[{"@type":"ReadAction","target":["https:\/\/silkplm.com\/pl\/formularz-prezentacji\/"]}]},{"@type":"WebSite","@id":"https:\/\/silkplm.com\/#website","url":"https:\/\/silkplm.com\/","name":"SilkPLM","description":"Silk PLM - Product Lifecycle Management system for retail companies","publisher":{"@id":"https:\/\/silkplm.com\/#organization"},"potentialAction":[{"@type":"SearchAction","target":{"@type":"EntryPoint","urlTemplate":"https:\/\/silkplm.com\/?s={search_term_string}"},"query-input":{"@type":"PropertyValueSpecification","valueRequired":true,"valueName":"search_term_string"}}],"inLanguage":"pl-PL"},{"@type":"Organization","@id":"https:\/\/silkplm.com\/#organization","name":"SilkPLM","url":"https:\/\/silkplm.com\/","logo":{"@type":"ImageObject","inLanguage":"pl-PL","@id":"https:\/\/silkplm.com\/#\/schema\/logo\/image\/","url":"","contentUrl":"","caption":"SilkPLM"},"image":{"@id":"https:\/\/silkplm.com\/#\/schema\/logo\/image\/"},"sameAs":["https:\/\/www.facebook.com\/silkplm","https:\/\/www.linkedin.com\/company\/81696323"]}]}},"_links":{"self":[{"href":"https:\/\/silkplm.com\/pl\/wp-json\/wp\/v2\/pages\/4824","targetHints":{"allow":["GET"]}}],"collection":[{"href":"https:\/\/silkplm.com\/pl\/wp-json\/wp\/v2\/pages"}],"about":[{"href":"https:\/\/silkplm.com\/pl\/wp-json\/wp\/v2\/types\/page"}],"author":[{"embeddable":true,"href":"https:\/\/silkplm.com\/pl\/wp-json\/wp\/v2\/users\/11"}],"replies":[{"embeddable":true,"href":"https:\/\/silkplm.com\/pl\/wp-json\/wp\/v2\/comments?post=4824"}],"version-history":[{"count":0,"href":"https:\/\/silkplm.com\/pl\/wp-json\/wp\/v2\/pages\/4824\/revisions"}],"wp:attachment":[{"href":"https:\/\/silkplm.com\/pl\/wp-json\/wp\/v2\/media?parent=4824"}],"curies":[{"name":"wp","href":"https:\/\/api.w.org\/{rel}","templated":true}]}}