{"id":20369,"date":"2024-09-13T10:36:07","date_gmt":"2024-09-13T08:36:07","guid":{"rendered":"https:\/\/silkplm.com\/?page_id=20369"},"modified":"2024-09-13T13:26:56","modified_gmt":"2024-09-13T11:26:56","slug":"ai-fashion-generator-formularz-rejestracyjny","status":"publish","type":"page","link":"https:\/\/silkplm.com\/pl\/ai-fashion-generator-formularz-rejestracyjny\/","title":{"rendered":"AI Fashion generator formularz rejestracyjny"},"content":{"rendered":"<p><div class=\"fusion-fullwidth fullwidth-box fusion-builder-row-1 fusion-flex-container has-pattern-background has-mask-background hundred-percent-fullwidth non-hundred-percent-height-scrolling\" style=\"--awb-border-radius-top-left:0px;--awb-border-radius-top-right:0px;--awb-border-radius-bottom-right:0px;--awb-border-radius-bottom-left:0px;--awb-flex-wrap:wrap;\" ><div class=\"fusion-builder-row fusion-row fusion-flex-align-items-flex-start fusion-flex-justify-content-center fusion-flex-content-wrap\" style=\"width:104% !important;max-width:104% !important;margin-left: calc(-4% \/ 2 );margin-right: calc(-4% \/ 2 );\"><div class=\"fusion-layout-column fusion_builder_column fusion-builder-column-0 fusion_builder_column_2_3 2_3 fusion-flex-column fusion-no-small-visibility\" style=\"--awb-z-index:-1;--awb-absolute-top:80%;--awb-absolute-left:-50%;--awb-container-position:absolute;--awb-bg-size:cover;--awb-width-large:66.666666666667%;--awb-margin-top-large:0px;--awb-spacing-right-large:2.88%;--awb-margin-bottom-large:20px;--awb-spacing-left-large:2.88%;--awb-width-medium:66.666666666667%;--awb-order-medium:0;--awb-spacing-right-medium:2.88%;--awb-spacing-left-medium:2.88%;--awb-width-small:100%;--awb-order-small:0;--awb-spacing-right-small:1.92%;--awb-spacing-left-small:1.92%;\"><div class=\"fusion-column-wrapper fusion-column-has-shadow fusion-flex-justify-content-flex-start fusion-content-layout-column\"><div class=\"fusion-image-element \" style=\"--awb-caption-title-font-family:var(--h2_typography-font-family);--awb-caption-title-font-weight:var(--h2_typography-font-weight);--awb-caption-title-font-style:var(--h2_typography-font-style);--awb-caption-title-size:var(--h2_typography-font-size);--awb-caption-title-transform:var(--h2_typography-text-transform);--awb-caption-title-line-height:var(--h2_typography-line-height);--awb-caption-title-letter-spacing:var(--h2_typography-letter-spacing);\"><span class=\" fusion-imageframe imageframe-none imageframe-1 hover-type-none\"><img decoding=\"async\" width=\"1106\" height=\"1106\" src=\"https:\/\/silkplm.com\/wp-content\/uploads\/2024\/01\/Ellipse-97-2.png\" data-orig-src=\"https:\/\/silkplm.com\/wp-content\/uploads\/2024\/01\/Ellipse-97-2.png\" alt class=\"lazyload img-responsive wp-image-8873\" srcset=\"data:image\/svg+xml,%3Csvg%20xmlns%3D%27http%3A%2F%2Fwww.w3.org%2F2000%2Fsvg%27%20width%3D%271106%27%20height%3D%271106%27%20viewBox%3D%270%200%201106%201106%27%3E%3Crect%20width%3D%271106%27%20height%3D%271106%27%20fill-opacity%3D%220%22%2F%3E%3C%2Fsvg%3E\" data-srcset=\"https:\/\/silkplm.com\/wp-content\/uploads\/2024\/01\/Ellipse-97-2-200x200.png 200w, https:\/\/silkplm.com\/wp-content\/uploads\/2024\/01\/Ellipse-97-2-400x400.png 400w, https:\/\/silkplm.com\/wp-content\/uploads\/2024\/01\/Ellipse-97-2-600x600.png 600w, https:\/\/silkplm.com\/wp-content\/uploads\/2024\/01\/Ellipse-97-2-800x800.png 800w, https:\/\/silkplm.com\/wp-content\/uploads\/2024\/01\/Ellipse-97-2.png 1106w\" data-sizes=\"auto\" data-orig-sizes=\"(max-width: 700px) 100vw, 1106px\" \/><\/span><\/div><\/div><\/div><div class=\"fusion-layout-column fusion_builder_column fusion-builder-column-1 fusion_builder_column_2_5 2_5 fusion-flex-column fusion-no-small-visibility\" style=\"--awb-z-index:-1;--awb-absolute-top:60%;--awb-absolute-right:-20%;--awb-container-position:absolute;--awb-bg-size:cover;--awb-width-large:40%;--awb-margin-top-large:0px;--awb-spacing-right-large:4.8%;--awb-margin-bottom-large:20px;--awb-spacing-left-large:4.8%;--awb-width-medium:40%;--awb-order-medium:0;--awb-spacing-right-medium:4.8%;--awb-spacing-left-medium:4.8%;--awb-width-small:100%;--awb-order-small:0;--awb-spacing-right-small:1.92%;--awb-spacing-left-small:1.92%;\" data-motion-effects=\"[{&quot;type&quot;:&quot;infinite&quot;,&quot;infinite_animation&quot;:&quot;pulse&quot;,&quot;infinite_animation_speed&quot;:&quot;1.0&quot;}]\" data-scroll-devices=\"small-visibility,medium-visibility,large-visibility\"><div class=\"fusion-column-wrapper fusion-column-has-shadow fusion-flex-justify-content-flex-start fusion-content-layout-column\"><div class=\"fusion-image-element \" style=\"--awb-caption-title-font-family:var(--h2_typography-font-family);--awb-caption-title-font-weight:var(--h2_typography-font-weight);--awb-caption-title-font-style:var(--h2_typography-font-style);--awb-caption-title-size:var(--h2_typography-font-size);--awb-caption-title-transform:var(--h2_typography-text-transform);--awb-caption-title-line-height:var(--h2_typography-line-height);--awb-caption-title-letter-spacing:var(--h2_typography-letter-spacing);\"><span class=\" fusion-imageframe imageframe-none imageframe-2 hover-type-none\"><img decoding=\"async\" width=\"1240\" height=\"394\" src=\"https:\/\/silkplm.com\/wp-content\/uploads\/2024\/01\/Warstwa_2-1.png\" data-orig-src=\"https:\/\/silkplm.com\/wp-content\/uploads\/2024\/01\/Warstwa_2-1.png\" alt class=\"lazyload img-responsive wp-image-8881\" srcset=\"data:image\/svg+xml,%3Csvg%20xmlns%3D%27http%3A%2F%2Fwww.w3.org%2F2000%2Fsvg%27%20width%3D%271240%27%20height%3D%27394%27%20viewBox%3D%270%200%201240%20394%27%3E%3Crect%20width%3D%271240%27%20height%3D%27394%27%20fill-opacity%3D%220%22%2F%3E%3C%2Fsvg%3E\" data-srcset=\"https:\/\/silkplm.com\/wp-content\/uploads\/2024\/01\/Warstwa_2-1-200x64.png 200w, https:\/\/silkplm.com\/wp-content\/uploads\/2024\/01\/Warstwa_2-1-400x127.png 400w, https:\/\/silkplm.com\/wp-content\/uploads\/2024\/01\/Warstwa_2-1-600x191.png 600w, https:\/\/silkplm.com\/wp-content\/uploads\/2024\/01\/Warstwa_2-1-800x254.png 800w, https:\/\/silkplm.com\/wp-content\/uploads\/2024\/01\/Warstwa_2-1-1200x381.png 1200w, https:\/\/silkplm.com\/wp-content\/uploads\/2024\/01\/Warstwa_2-1.png 1240w\" data-sizes=\"auto\" data-orig-sizes=\"(max-width: 700px) 100vw, 600px\" \/><\/span><\/div><\/div><\/div><div class=\"fusion-layout-column fusion_builder_column fusion-builder-column-2 fusion_builder_column_2_3 2_3 fusion-flex-column\" style=\"--awb-bg-size:cover;--awb-width-large:66.666666666667%;--awb-margin-top-large:0px;--awb-spacing-right-large:2.88%;--awb-margin-bottom-large:20px;--awb-spacing-left-large:2.88%;--awb-width-medium:66.666666666667%;--awb-order-medium:0;--awb-spacing-right-medium:2.88%;--awb-spacing-left-medium:2.88%;--awb-width-small:100%;--awb-order-small:0;--awb-spacing-right-small:1.92%;--awb-spacing-left-small:1.92%;\"><div class=\"fusion-column-wrapper fusion-column-has-shadow fusion-flex-justify-content-flex-start fusion-content-layout-column\"><div class=\"fusion-title title fusion-title-1 fusion-sep-none fusion-title-center fusion-title-text fusion-title-size-one\" style=\"--awb-text-color:var(--awb-custom_color_4);\"><h1 class=\"fusion-title-heading title-heading-center\" style=\"font-family:&quot;Inter&quot;;font-style:normal;font-weight:700;margin:0;\"><font color=\"#277aa2\">Wype\u0142nij formularz i zacznij tworzy\u0107 inspiracje ju\u017c dzi\u015b!<\/font><\/h1><\/div><div class=\"fusion-text fusion-text-1\" style=\"--awb-content-alignment:center;--awb-text-font-family:&quot;Inter&quot;;--awb-text-font-style:normal;--awb-text-font-weight:400;\"><p>To nic nie kosztuje!<\/p>\n<\/div><\/div><\/div><\/div><\/div><div class=\"fusion-fullwidth fullwidth-box fusion-builder-row-2 fusion-flex-container has-pattern-background has-mask-background hundred-percent-fullwidth non-hundred-percent-height-scrolling\" style=\"--awb-border-radius-top-left:0px;--awb-border-radius-top-right:0px;--awb-border-radius-bottom-right:0px;--awb-border-radius-bottom-left:0px;--awb-flex-wrap:wrap;\" ><div class=\"fusion-builder-row fusion-row fusion-flex-align-items-flex-start fusion-flex-justify-content-center fusion-flex-content-wrap\" style=\"width:104% !important;max-width:104% !important;margin-left: calc(-4% \/ 2 );margin-right: calc(-4% \/ 2 );\"><div class=\"fusion-layout-column fusion_builder_column fusion-builder-column-3 fusion_builder_column_2_3 2_3 fusion-flex-column fusion-no-small-visibility\" style=\"--awb-z-index:-1;--awb-absolute-top:80%;--awb-absolute-left:-50%;--awb-container-position:absolute;--awb-bg-size:cover;--awb-width-large:66.666666666667%;--awb-margin-top-large:0px;--awb-spacing-right-large:2.88%;--awb-margin-bottom-large:20px;--awb-spacing-left-large:2.88%;--awb-width-medium:66.666666666667%;--awb-order-medium:0;--awb-spacing-right-medium:2.88%;--awb-spacing-left-medium:2.88%;--awb-width-small:100%;--awb-order-small:0;--awb-spacing-right-small:1.92%;--awb-spacing-left-small:1.92%;\"><div class=\"fusion-column-wrapper fusion-column-has-shadow fusion-flex-justify-content-flex-start fusion-content-layout-column\"><div class=\"fusion-image-element \" style=\"--awb-caption-title-font-family:var(--h2_typography-font-family);--awb-caption-title-font-weight:var(--h2_typography-font-weight);--awb-caption-title-font-style:var(--h2_typography-font-style);--awb-caption-title-size:var(--h2_typography-font-size);--awb-caption-title-transform:var(--h2_typography-text-transform);--awb-caption-title-line-height:var(--h2_typography-line-height);--awb-caption-title-letter-spacing:var(--h2_typography-letter-spacing);\"><span class=\" fusion-imageframe imageframe-none imageframe-3 hover-type-none\"><img decoding=\"async\" width=\"1106\" height=\"1106\" src=\"https:\/\/silkplm.com\/wp-content\/uploads\/2024\/01\/Ellipse-97-2.png\" data-orig-src=\"https:\/\/silkplm.com\/wp-content\/uploads\/2024\/01\/Ellipse-97-2.png\" alt class=\"lazyload img-responsive wp-image-8873\" srcset=\"data:image\/svg+xml,%3Csvg%20xmlns%3D%27http%3A%2F%2Fwww.w3.org%2F2000%2Fsvg%27%20width%3D%271106%27%20height%3D%271106%27%20viewBox%3D%270%200%201106%201106%27%3E%3Crect%20width%3D%271106%27%20height%3D%271106%27%20fill-opacity%3D%220%22%2F%3E%3C%2Fsvg%3E\" data-srcset=\"https:\/\/silkplm.com\/wp-content\/uploads\/2024\/01\/Ellipse-97-2-200x200.png 200w, https:\/\/silkplm.com\/wp-content\/uploads\/2024\/01\/Ellipse-97-2-400x400.png 400w, https:\/\/silkplm.com\/wp-content\/uploads\/2024\/01\/Ellipse-97-2-600x600.png 600w, https:\/\/silkplm.com\/wp-content\/uploads\/2024\/01\/Ellipse-97-2-800x800.png 800w, https:\/\/silkplm.com\/wp-content\/uploads\/2024\/01\/Ellipse-97-2.png 1106w\" data-sizes=\"auto\" data-orig-sizes=\"(max-width: 700px) 100vw, 1106px\" \/><\/span><\/div><\/div><\/div><div class=\"fusion-layout-column fusion_builder_column fusion-builder-column-4 fusion_builder_column_2_5 2_5 fusion-flex-column fusion-no-small-visibility\" style=\"--awb-z-index:-1;--awb-absolute-top:60%;--awb-absolute-right:-20%;--awb-container-position:absolute;--awb-bg-size:cover;--awb-width-large:40%;--awb-margin-top-large:0px;--awb-spacing-right-large:4.8%;--awb-margin-bottom-large:20px;--awb-spacing-left-large:4.8%;--awb-width-medium:40%;--awb-order-medium:0;--awb-spacing-right-medium:4.8%;--awb-spacing-left-medium:4.8%;--awb-width-small:100%;--awb-order-small:0;--awb-spacing-right-small:1.92%;--awb-spacing-left-small:1.92%;\" data-motion-effects=\"[{&quot;type&quot;:&quot;infinite&quot;,&quot;infinite_animation&quot;:&quot;pulse&quot;,&quot;infinite_animation_speed&quot;:&quot;1.0&quot;}]\" data-scroll-devices=\"small-visibility,medium-visibility,large-visibility\"><div class=\"fusion-column-wrapper fusion-column-has-shadow fusion-flex-justify-content-flex-start fusion-content-layout-column\"><div class=\"fusion-image-element \" style=\"--awb-caption-title-font-family:var(--h2_typography-font-family);--awb-caption-title-font-weight:var(--h2_typography-font-weight);--awb-caption-title-font-style:var(--h2_typography-font-style);--awb-caption-title-size:var(--h2_typography-font-size);--awb-caption-title-transform:var(--h2_typography-text-transform);--awb-caption-title-line-height:var(--h2_typography-line-height);--awb-caption-title-letter-spacing:var(--h2_typography-letter-spacing);\"><span class=\" fusion-imageframe imageframe-none imageframe-4 hover-type-none\"><img decoding=\"async\" width=\"1240\" height=\"394\" src=\"https:\/\/silkplm.com\/wp-content\/uploads\/2024\/01\/Warstwa_2-1.png\" data-orig-src=\"https:\/\/silkplm.com\/wp-content\/uploads\/2024\/01\/Warstwa_2-1.png\" alt class=\"lazyload img-responsive wp-image-8881\" srcset=\"data:image\/svg+xml,%3Csvg%20xmlns%3D%27http%3A%2F%2Fwww.w3.org%2F2000%2Fsvg%27%20width%3D%271240%27%20height%3D%27394%27%20viewBox%3D%270%200%201240%20394%27%3E%3Crect%20width%3D%271240%27%20height%3D%27394%27%20fill-opacity%3D%220%22%2F%3E%3C%2Fsvg%3E\" data-srcset=\"https:\/\/silkplm.com\/wp-content\/uploads\/2024\/01\/Warstwa_2-1-200x64.png 200w, https:\/\/silkplm.com\/wp-content\/uploads\/2024\/01\/Warstwa_2-1-400x127.png 400w, https:\/\/silkplm.com\/wp-content\/uploads\/2024\/01\/Warstwa_2-1-600x191.png 600w, https:\/\/silkplm.com\/wp-content\/uploads\/2024\/01\/Warstwa_2-1-800x254.png 800w, https:\/\/silkplm.com\/wp-content\/uploads\/2024\/01\/Warstwa_2-1-1200x381.png 1200w, https:\/\/silkplm.com\/wp-content\/uploads\/2024\/01\/Warstwa_2-1.png 1240w\" data-sizes=\"auto\" data-orig-sizes=\"(max-width: 700px) 100vw, 600px\" \/><\/span><\/div><\/div><\/div><div class=\"fusion-layout-column fusion_builder_column fusion-builder-column-5 fusion_builder_column_1_2 1_2 fusion-flex-column\" style=\"--awb-bg-size:cover;--awb-width-large:50%;--awb-margin-top-large:0px;--awb-spacing-right-large:3.84%;--awb-margin-bottom-large:20px;--awb-spacing-left-large:3.84%;--awb-width-medium:50%;--awb-order-medium:0;--awb-spacing-right-medium:3.84%;--awb-spacing-left-medium:3.84%;--awb-width-small:100%;--awb-order-small:0;--awb-spacing-right-small:1.92%;--awb-spacing-left-small:1.92%;\"><div class=\"fusion-column-wrapper fusion-column-has-shadow fusion-flex-justify-content-flex-start fusion-content-layout-column\"><div class=\"fusion-image-element \" style=\"--awb-caption-title-font-family:var(--h2_typography-font-family);--awb-caption-title-font-weight:var(--h2_typography-font-weight);--awb-caption-title-font-style:var(--h2_typography-font-style);--awb-caption-title-size:var(--h2_typography-font-size);--awb-caption-title-transform:var(--h2_typography-text-transform);--awb-caption-title-line-height:var(--h2_typography-line-height);--awb-caption-title-letter-spacing:var(--h2_typography-letter-spacing);\"><span class=\" fusion-imageframe imageframe-none imageframe-5 hover-type-none\"><img decoding=\"async\" width=\"651\" height=\"698\" title=\"Projektant generuj\u0105cy inspiracje modowe\" src=\"https:\/\/silkplm.com\/wp-content\/uploads\/2024\/09\/Pop-up.png\" data-orig-src=\"https:\/\/silkplm.com\/wp-content\/uploads\/2024\/09\/Pop-up.png\" alt class=\"lazyload img-responsive wp-image-20373\" srcset=\"data:image\/svg+xml,%3Csvg%20xmlns%3D%27http%3A%2F%2Fwww.w3.org%2F2000%2Fsvg%27%20width%3D%27651%27%20height%3D%27698%27%20viewBox%3D%270%200%20651%20698%27%3E%3Crect%20width%3D%27651%27%20height%3D%27698%27%20fill-opacity%3D%220%22%2F%3E%3C%2Fsvg%3E\" data-srcset=\"https:\/\/silkplm.com\/wp-content\/uploads\/2024\/09\/Pop-up-200x214.png 200w, https:\/\/silkplm.com\/wp-content\/uploads\/2024\/09\/Pop-up-400x429.png 400w, https:\/\/silkplm.com\/wp-content\/uploads\/2024\/09\/Pop-up-600x643.png 600w, https:\/\/silkplm.com\/wp-content\/uploads\/2024\/09\/Pop-up.png 651w\" data-sizes=\"auto\" data-orig-sizes=\"(max-width: 700px) 100vw, 651px\" \/><\/span><\/div><\/div><\/div><div class=\"fusion-layout-column fusion_builder_column fusion-builder-column-6 fusion_builder_column_1_2 1_2 fusion-flex-column\" style=\"--awb-bg-size:cover;--awb-width-large:50%;--awb-margin-top-large:0px;--awb-spacing-right-large:3.84%;--awb-margin-bottom-large:20px;--awb-spacing-left-large:3.84%;--awb-width-medium:50%;--awb-order-medium:0;--awb-spacing-right-medium:3.84%;--awb-spacing-left-medium:3.84%;--awb-width-small:100%;--awb-order-small:0;--awb-spacing-right-small:1.92%;--awb-spacing-left-small:1.92%;\"><div class=\"fusion-column-wrapper fusion-column-has-shadow fusion-flex-justify-content-flex-start fusion-content-layout-column\"><script charset=\"utf-8\" type=\"text\/javascript\" src=\"\/\/js-eu1.hsforms.net\/forms\/embed\/v2.js\"><\/script>\n<script>\n let _hsForm = hbspt.forms.create({\n    region: \"eu1\",\n    portalId: \"143719769\",\n    formId: \"44e438d9-67bf-48d4-acd1-63c8ab009a0f\",\n       submitButtonClass: \"hs-button2\",\n      css:\"\",\n  });\n\n_hsForm.onFormReady(() => {\nlet frame = document.querySelector('.hs-form-iframe');\nlet doc = frame.contentWindow.document;\n  \n     let inputElements = doc.querySelectorAll('.hs-input');\n\n   inputElements.forEach((inputElement) => {\n      inputElement.style.padding = '4px 16px';\n      inputElement.style.borderRadius = '8px';\n      inputElement.style.borderColor = '#98A3B7';\n      inputElement.style.background = '#F9FAFC';\n      inputElement.style.minHeight = '50px';\n    });\n    \n doc.querySelector('.hs-button2').style.color='#00668B';\n    \n     doc.querySelector('.hs-button2').style.color='#00668B';\n    \n     doc.querySelector('.hs-button2').style.fontSize='16px';\n    \n     doc.querySelector('.hs-button2').style.fontWeight='700';\n    \n     doc.querySelector('.hs-button2').style.padding='18px 48px';\n    \n    doc.querySelector('.hs-button2').style.borderRadius='20px';\n    \n    doc.querySelector('.hs-button2').style.border='4px solid transparent';\n      \n\t    doc.querySelector('.hs-button2').style.background='linear-gradient(120deg, #F2FCFF, #F2FCFF) padding-box, linear-gradient(120deg, #FFFFFF, #43ABC9) border-box';\n  \n     doc.querySelector('.hs-button2').style.minWidth='265px';\n    \n     doc.querySelector('.hs-button2').style.margin='0px';\n    \n    doc.querySelector('.actions').style.margin='0px';\n    \n     doc.querySelector('.actions').style.padding='0px';\n    \n     doc.querySelector('.hs-input').style.padding='4px 16px';\n    \n     doc.querySelector('.hs-input').style.borderRadius='8px';\n    \n     doc.querySelector('.hs-input').style.borderColor='#98A3B7';\n    \n     doc.querySelector('.hs-input').style.background='#F9FAFC';\n   \n     doc.querySelector('.hs-input').style.minHeight='50px';\n   \n     doc.querySelector('.hs-form-required').style.display='none';\n \n  });\n\n<\/script><\/div><\/div><\/div><\/div><\/p>\n","protected":false},"excerpt":{"rendered":"","protected":false},"author":19,"featured_media":0,"parent":0,"menu_order":0,"comment_status":"closed","ping_status":"closed","template":"","meta":{"footnotes":""},"class_list":["post-20369","page","type-page","status-publish","hentry"],"yoast_head":"<!-- This site is optimized with the Yoast SEO plugin v23.9 - https:\/\/yoast.com\/wordpress\/plugins\/seo\/ -->\n<title>AI Fashion generator formularz rejestracyjny - Silk PLM<\/title>\n<meta name=\"robots\" content=\"index, follow, max-snippet:-1, max-image-preview:large, max-video-preview:-1\" \/>\n<link rel=\"canonical\" href=\"https:\/\/silkplm.com\/pl\/ai-fashion-generator-formularz-rejestracyjny\/\" \/>\n<meta property=\"og:locale\" content=\"pl_PL\" \/>\n<meta property=\"og:type\" content=\"article\" \/>\n<meta property=\"og:title\" content=\"AI Fashion generator formularz rejestracyjny - Silk PLM\" \/>\n<meta property=\"og:url\" content=\"https:\/\/silkplm.com\/pl\/ai-fashion-generator-formularz-rejestracyjny\/\" \/>\n<meta property=\"og:site_name\" content=\"Silk PLM\" \/>\n<meta property=\"article:publisher\" content=\"https:\/\/www.facebook.com\/silkplm\" \/>\n<meta property=\"article:modified_time\" content=\"2024-09-13T11:26:56+00:00\" \/>\n<meta property=\"og:image\" content=\"https:\/\/silkplm.com\/wp-content\/uploads\/2023\/09\/silkplm-presentation-video-screen.png\" \/>\n\t<meta property=\"og:image:width\" content=\"1200\" \/>\n\t<meta property=\"og:image:height\" content=\"675\" \/>\n\t<meta property=\"og:image:type\" content=\"image\/png\" \/>\n<meta name=\"twitter:card\" content=\"summary_large_image\" \/>\n<!-- \/ Yoast SEO plugin. -->","yoast_head_json":{"title":"AI Fashion generator formularz rejestracyjny - Silk PLM","robots":{"index":"index","follow":"follow","max-snippet":"max-snippet:-1","max-image-preview":"max-image-preview:large","max-video-preview":"max-video-preview:-1"},"canonical":"https:\/\/silkplm.com\/pl\/ai-fashion-generator-formularz-rejestracyjny\/","og_locale":"pl_PL","og_type":"article","og_title":"AI Fashion generator formularz rejestracyjny - Silk PLM","og_url":"https:\/\/silkplm.com\/pl\/ai-fashion-generator-formularz-rejestracyjny\/","og_site_name":"Silk PLM","article_publisher":"https:\/\/www.facebook.com\/silkplm","article_modified_time":"2024-09-13T11:26:56+00:00","og_image":[{"width":1200,"height":675,"url":"https:\/\/silkplm.com\/wp-content\/uploads\/2023\/09\/silkplm-presentation-video-screen.png","type":"image\/png"}],"twitter_card":"summary_large_image","schema":{"@context":"https:\/\/schema.org","@graph":[{"@type":"WebPage","@id":"https:\/\/silkplm.com\/pl\/ai-fashion-generator-formularz-rejestracyjny\/","url":"https:\/\/silkplm.com\/pl\/ai-fashion-generator-formularz-rejestracyjny\/","name":"AI Fashion generator formularz rejestracyjny - Silk PLM","isPartOf":{"@id":"https:\/\/silkplm.com\/#website"},"datePublished":"2024-09-13T08:36:07+00:00","dateModified":"2024-09-13T11:26:56+00:00","inLanguage":"pl-PL","potentialAction":[{"@type":"ReadAction","target":["https:\/\/silkplm.com\/pl\/ai-fashion-generator-formularz-rejestracyjny\/"]}]},{"@type":"WebSite","@id":"https:\/\/silkplm.com\/#website","url":"https:\/\/silkplm.com\/","name":"SilkPLM","description":"Silk PLM - Product Lifecycle Management system for retail companies","publisher":{"@id":"https:\/\/silkplm.com\/#organization"},"potentialAction":[{"@type":"SearchAction","target":{"@type":"EntryPoint","urlTemplate":"https:\/\/silkplm.com\/?s={search_term_string}"},"query-input":{"@type":"PropertyValueSpecification","valueRequired":true,"valueName":"search_term_string"}}],"inLanguage":"pl-PL"},{"@type":"Organization","@id":"https:\/\/silkplm.com\/#organization","name":"SilkPLM","url":"https:\/\/silkplm.com\/","logo":{"@type":"ImageObject","inLanguage":"pl-PL","@id":"https:\/\/silkplm.com\/#\/schema\/logo\/image\/","url":"","contentUrl":"","caption":"SilkPLM"},"image":{"@id":"https:\/\/silkplm.com\/#\/schema\/logo\/image\/"},"sameAs":["https:\/\/www.facebook.com\/silkplm","https:\/\/www.linkedin.com\/company\/81696323"]}]}},"_links":{"self":[{"href":"https:\/\/silkplm.com\/pl\/wp-json\/wp\/v2\/pages\/20369","targetHints":{"allow":["GET"]}}],"collection":[{"href":"https:\/\/silkplm.com\/pl\/wp-json\/wp\/v2\/pages"}],"about":[{"href":"https:\/\/silkplm.com\/pl\/wp-json\/wp\/v2\/types\/page"}],"author":[{"embeddable":true,"href":"https:\/\/silkplm.com\/pl\/wp-json\/wp\/v2\/users\/19"}],"replies":[{"embeddable":true,"href":"https:\/\/silkplm.com\/pl\/wp-json\/wp\/v2\/comments?post=20369"}],"version-history":[{"count":0,"href":"https:\/\/silkplm.com\/pl\/wp-json\/wp\/v2\/pages\/20369\/revisions"}],"wp:attachment":[{"href":"https:\/\/silkplm.com\/pl\/wp-json\/wp\/v2\/media?parent=20369"}],"curies":[{"name":"wp","href":"https:\/\/api.w.org\/{rel}","templated":true}]}}